{"id":160,"date":"2016-12-15T22:05:07","date_gmt":"2016-12-15T22:05:07","guid":{"rendered":"http:\/\/www.ipa-nuernberg.info\/?page_id=160"},"modified":"2017-04-09T15:11:07","modified_gmt":"2017-04-09T13:11:07","slug":"allgemein","status":"publish","type":"page","link":"https:\/\/www.ipa-nuernberg.de\/startseite\/allgemein\/","title":{"rendered":"Was ist die IPA?"},"content":{"rendered":"<div id=\"attachment_166\" style=\"width: 160px\" class=\"wp-caption alignleft\"><img loading=\"lazy\" decoding=\"async\" aria-describedby=\"caption-attachment-166\" class=\"wp-image-166 size-full\" src=\"http:\/\/www.ipa-nuernberg.de\/wp-content\/uploads\/2016\/12\/troop.jpg\" alt=\"\" width=\"150\" height=\"150\" \/><p id=\"caption-attachment-166\" class=\"wp-caption-text\"><strong>Arthur Troop<\/strong>, Gr\u00fcnder der IPA<\/p><\/div>\n<h4><span style=\"color: #000080;\"><em>&#8222;Servo per Amikeco&#8220;<br \/>\n<\/em>ist unser Leitgedanke<\/span><\/h4>\n<p>(Der Leitgedanke wurde in Esperanto gefasst<br \/>\nund bedeutet &#8222;Dienen durch Freundschaft&#8220;)<\/p>\n<p>&nbsp;<\/p>\n<hr \/>\n<h4 style=\"text-align: left;\">Die IPA ist &#8230;<\/h4>\n<ul style=\"text-align: left;\">\n<li>die gr\u00f6\u00dfte internationale Vereinigung von Polizeibediensteten mit etwa 400.000 Mitgliedern in zur Zeit 67 Staaten,<\/li>\n<li>in N\u00fcrnberg mit rund 1.000 Mitgliedern viertgr\u00f6\u00dfte Verbindungsstelle in ganz Deutschland,<\/li>\n<li>die bisher einzige internationale Berufsorganisation von Polizeibediensteten ohne Unterschied des Ranges, der Funktion, der Sprache, der Rasse, der Religion und der Weltanschauung.<\/li>\n<li>politisch und gewerkschaftlich unabh\u00e4ngig und an keine andere Gruppe oder Institution gebunden,<\/li>\n<li>offen f\u00fcr die Polizei jedes Staates, der freie und ungehinderte internationale Kontakte zwischen Polizeiangeh\u00f6rigen und den gegenseitigen Erfahrungsaustausch erm\u00f6glicht,<\/li>\n<li>auf Grund ihres Zweckes und ihrer Ziele seit dem 25. Juli 1977 beim Europarat und seit dem 26. Juli 1995 bei den Vereinten Nationen mit beratendem Status in der Liste der nichtstaatlichen internationalen Organisationen registriert.<\/li>\n<\/ul>\n<h4 style=\"text-align: left;\">Die IPA will &#8230;<\/h4>\n<ul style=\"text-align: left;\">\n<li>die Pflege freundschaftlicher Beziehungen und die gegenseitige Hilfe zwischen Polizeibediensteten des In- und Auslandes f\u00f6rdern,<\/li>\n<li>den Austausch von Erfahrungen im polizeilichen Bereich f\u00f6rdern und unterst\u00fctzen, um die international polizeiliche Zusammenarbeit zu erleichtern,<\/li>\n<li>durch \u00d6ffentlichkeitsarbeit das Bild der Polizei und das Verh\u00e4ltnis B\u00fcrger &#8211; Polizei positiv beeinflussen,<\/li>\n<li>durch die Herausgabe von Informationsbrosch\u00fcren auf aktuelle gesellschaftspolitische Themen aufmerksam machen und Antworten auf Fragen im Spannungsfeld von Defiziten zwischen pers\u00f6nlicher Freiheit und staatlicher Kontrolle geben,<\/li>\n<li>durch Studienfahrten und Begegnungsveranstaltungen das Wissen ihrer Mitglieder erweitern und das Verst\u00e4ndnis f\u00fcr die Probleme anderer wecken.<\/li>\n<li>sich im Rahmen ihrer M\u00f6glichkeiten im sozialen Bereich bet\u00e4tigen und helfen,<\/li>\n<li>die gegenseitige Toleranz f\u00f6rdern und dazu beitragen, dass sich die V\u00f6lker untereinander besser verstehen und der Frieden in der Welt gesichert bleibt.<\/li>\n<\/ul>\n<h4 style=\"text-align: left;\">Die IPA bietet &#8230;<\/h4>\n<ul>\n<li style=\"text-align: left;\">ein breites Bildungsprogramm durch Seminare im internationalen Informations- und Bildungszentrum (IBZ) Schlo\u00df Gimborn mit Zusch\u00fcssen f\u00fcr teilnehmende Mitglieder,<\/li>\n<li style=\"text-align: left;\">lokale, regionale, nationale und internationale Bildungs- und Begegnungsveranstaltungen auf allen f\u00fcnf Kontinenten,<\/li>\n<li style=\"text-align: left;\">zur F\u00f6rderung und Erg\u00e4nzung beruflicher Fortbildung Stipendien f\u00fcr Polizeistudienaufenthalte im Ausland,<\/li>\n<li style=\"text-align: left;\">polizeibezogene Studien- und Bildungsreisen in ferne L\u00e4nder,<\/li>\n<li style=\"text-align: left;\">j\u00e4hrlich ein internationales Jugendtreffen in einem anderen Teil der Welt f\u00fcr junge IPA-Mitglieder und S\u00f6hne und T\u00f6chter von IPA-Mitgliedern,<\/li>\n<li style=\"text-align: left;\">internationale Jugendseminare im IBZ Schlo\u00df Gimborn,<\/li>\n<li style=\"text-align: left;\">preiswerte Urlaubsaufenthalte und Unterk\u00fcnfte in anerkannten IPA-H\u00e4usern im In- und Ausland,<\/li>\n<li style=\"text-align: left;\">vielf\u00e4ltige Information durch \u00f6rtliche und regionale Mitteilungsbl\u00e4tter und nationale IPA-Zeitschriften,<\/li>\n<li style=\"text-align: left;\">Hilfeleistungen f\u00fcr Polizeibedienstete und deren Familienangeh\u00f6rige im In- und Ausland, wenn sie unverschuldet in eine au\u00dfergew\u00f6hnliche und unabwendbare Notlage geraten sind, durch den Sozialfonds der IPA-Deutsche Sektion,<\/li>\n<li style=\"text-align: left;\">M\u00f6glichkeiten zum Kennenlernen von Polizeieinrichtungen im In- und Ausland und zum Erfahrungsaustausch mit Berufskollegen ohne Unterschied der Nationalit\u00e4t, des Dienstgrades oder Dienstzweiges.<\/li>\n<\/ul>\n<p><iframe loading=\"lazy\" width=\"700\" height=\"394\" src=\"https:\/\/www.youtube.com\/embed\/x7BF2wQNiwc?feature=oembed\" frameborder=\"0\" allowfullscreen><\/iframe><\/p>\n","protected":false},"excerpt":{"rendered":"<p>&#8222;Servo per Amikeco&#8220; ist unser Leitgedanke (Der Leitgedanke wurde in Esperanto gefasst und bedeutet &#8222;Dienen durch Freundschaft&#8220;) &nbsp; Die IPA ist &#8230; die gr\u00f6\u00dfte internationale Vereinigung von Polizeibediensteten mit etwa 400.000 Mitgliedern in zur Zeit 67 Staaten, in N\u00fcrnberg mit rund 1.000 Mitgliedern viertgr\u00f6\u00dfte Verbindungsstelle in ganz Deutschland, die bisher\u2026<\/p>\n<p class=\"continue-reading-button\"> <a class=\"continue-reading-link\" href=\"https:\/\/www.ipa-nuernberg.de\/startseite\/allgemein\/\">weiter lesen &#8230;<i class=\"crycon-right-dir\"><\/i><\/a><\/p>\n","protected":false},"author":3,"featured_media":0,"parent":0,"menu_order":0,"comment_status":"closed","ping_status":"closed","template":"","meta":{"footnotes":""},"class_list":["post-160","page","type-page","status-publish","hentry"],"aioseo_notices":[],"_links":{"self":[{"href":"https:\/\/www.ipa-nuernberg.de\/startseite\/wp-json\/wp\/v2\/pages\/160","targetHints":{"allow":["GET"]}}],"collection":[{"href":"https:\/\/www.ipa-nuernberg.de\/startseite\/wp-json\/wp\/v2\/pages"}],"about":[{"href":"https:\/\/www.ipa-nuernberg.de\/startseite\/wp-json\/wp\/v2\/types\/page"}],"author":[{"embeddable":true,"href":"https:\/\/www.ipa-nuernberg.de\/startseite\/wp-json\/wp\/v2\/users\/3"}],"replies":[{"embeddable":true,"href":"https:\/\/www.ipa-nuernberg.de\/startseite\/wp-json\/wp\/v2\/comments?post=160"}],"version-history":[{"count":0,"href":"https:\/\/www.ipa-nuernberg.de\/startseite\/wp-json\/wp\/v2\/pages\/160\/revisions"}],"wp:attachment":[{"href":"https:\/\/www.ipa-nuernberg.de\/startseite\/wp-json\/wp\/v2\/media?parent=160"}],"curies":[{"name":"wp","href":"https:\/\/api.w.org\/{rel}","templated":true}]}}