{"id":1625,"date":"2018-05-24T14:26:14","date_gmt":"2018-05-24T12:26:14","guid":{"rendered":"https:\/\/www.ipa-nuernberg.de\/?page_id=1625"},"modified":"2025-08-19T22:01:11","modified_gmt":"2025-08-19T20:01:11","slug":"datenschutzerklaerung","status":"publish","type":"page","link":"https:\/\/www.ipa-nuernberg.de\/startseite\/datenschutzerklaerung\/","title":{"rendered":"Datenschutzerkl\u00e4rung"},"content":{"rendered":"<p style=\"text-align: justify;\">Name und Anschrift des f\u00fcr die Verarbeitung Verantwortlichen<\/p>\n<p style=\"text-align: justify;\">Die Adresse unserer Website ist: https:\/\/www.ipa-nuernberg.de.<\/p>\n<p style=\"text-align: justify;\">Verantwortlicher im Sinne der Datenschutz-Grundverordnung (DSGVO), des BayDSG ist die IPA-Verbindungsstelle N\u00fcrnberg e. V., Jakobsplatz 5, 90402 N\u00fcrnberg.<\/p>\n<p style=\"text-align: justify;\">Eine Verpflichtung zur Bestellung eines Datenschutzbeauftragten besteht f\u00fcr die IPA-Verbindungsstelle N\u00fcrnberg e. V. aufgrund der Regelung des Art. 37 Abs. 1 DS-GVO i.V.m. \u00a7 38 BDSG nicht.<\/p>\n<p style=\"text-align: justify;\">Allgemeines<\/p>\n<p style=\"text-align: justify;\">Diese Datenschutzerkl\u00e4rung kl\u00e4rt Nutzer \u00fcber die Art, den Umfang und Zwecke der Erhebung und Verwendung personenbezogener Daten durch die IPA-Verbindungsstelle N\u00fcrnberg e. V. auf dieser Website auf. Die rechtlichen Grundlagen des Datenschutzes finden sich in der Datenschutzgrundverordnung (DSGVO), dem Bundesdatenschutzgesetz (BDSG), dem Bayerischen Datenschutzgesetz (BayDSG) und dem Telemediengesetz (TMG). Durch die Nutzung dieser Website erkl\u00e4ren Sie sich mit der Erhebung, Verarbeitung und Nutzung von Daten gem\u00e4\u00df der nachfolgenden Beschreibung einverstanden. Unsere Website kann grunds\u00e4tzlich ohne Registrierung besucht werden. Auf unserem Webserver werden grunds\u00e4tzlich keine IP-Adressen oder andere personenbezogenen Daten der Nutzer protokolliert. Insbesondere erfolgt keine Sammlung von personenbezogenen Daten ohne Wissen der Betroffenen (beispielsweise \u00fcber den Einsatz von Cookies) oder Weitergabe der Daten an Dritte. Es werden keine Tracking-Systeme (wie Google Analytics) eingesetzt.<\/p>\n<p style=\"text-align: justify;\">Kontaktformulare<\/p>\n<p style=\"text-align: justify;\">Die IPA-Verbindungsstelle N\u00fcrnberg e. V. betreibt unter folgenden Links Kontaktformulare:<\/p>\n<p style=\"text-align: justify;\">&#8211; https:\/\/www.ipa-nuernberg.de\/kontakt\/<\/p>\n<p>&#8211; https:\/\/www.ipa-nuernberg.de\/nachricht-fuer-volker-beyler\/<\/p>\n<p>&#8211;\u00a0https:\/\/www.ipa-nuernberg.de\/nachricht-fuer-monika-reisinger\/<\/p>\n<p>&#8211;\u00a0https:\/\/www.ipa-nuernberg.de\/nachricht-fuer-rudi-hackl\/<\/p>\n<p>&#8211;\u00a0https:\/\/www.ipa-nuernberg.de\/nachricht-fuer-thomas-schubert\/<\/p>\n<p>&#8211;\u00a0https:\/\/www.ipa-nuernberg.de\/registrierung\/<\/p>\n<p style=\"text-align: justify;\">a) Die \u00fcber diese Kontaktformulare vorgenommene Dateneingabe erfolgt freiwillig. Der Nutzer erkl\u00e4rt somit seine Zustimmung zur Erhebung und Speicherung der jeweils eingegebenen Daten. Neben den ausdr\u00fccklich eingegebenen Daten werden \u2013 ohne Wissen des Nutzers \u2013 keine weiteren Daten erhoben.<\/p>\n<p style=\"text-align: justify;\">b) Die Datenerhebung wird \u00fcber den Provider Firma STRATO AG, Pascalstr. 10, 10587 Berlin, abgewickelt. Die \u00dcbertragung zum Webserver zur Firma STRATO AG erfolgt zun\u00e4chst verschl\u00fcsselt. Das dort erstellte Kontaktformular wird anschlie\u00dfend per E-Mail an den jeweiligen zust\u00e4ndigen Empf\u00e4nger weitergeleitet.<\/p>\n<p style=\"text-align: justify;\">E-Mail Korrespondenz<\/p>\n<p style=\"text-align: justify;\">Wenn Sie uns eine E-Mail senden, so wird Ihre E-Mail-Adresse nur f\u00fcr die Korrespondenz mit Ihnen verwendet. Nach Abschluss der Korrespondenz wird Ihre E-Mail-Adresse gel\u00f6scht und eine anderweitige Nutzung oder Weitergabe an Dritte erfolgt nicht, es sei denn, ein Verfahren auf Aufnahme als Mitglied in die IPA-Verbindungsstelle N\u00fcrnberg e. V. wird in Gang gesetzt.<\/p>\n<p style=\"text-align: justify;\">Einbindung eines externen Dienstleisters beim Betrieb unserer Website<\/p>\n<p style=\"text-align: justify;\">Wir sammeln keinerlei personenbezogene Daten \u00fcber die Besucher unserer Website. Unser Service-Provider Firma STRATO AG speichert von Ihrem Besuch je nach verwendetem Zugriffsprotokoll Datum und Uhrzeit der Anforderung, vom anfordernden Rechner gew\u00fcnschte Zugriffsmethode\/Funktion, vom anfordernden Rechner \u00fcbermittelte Eingabewerte (Dateiname, &#8230;), Zugriffsstatus des Web-Servers (Datei \u00fcbertragen, Datei nicht gefunden, Kommando nicht ausgef\u00fchrt, etc.) sowie den Namen der angeforderten Datei. Nicht gespeichert wird die IP-Adresse des Rechners, von dem die Anfrage geschickt wurde. Der Service-Provider Firma STRATO AG \u00fcbergibt uns lediglich aggregierte und anonymisierte Informationen zu statistischen Zwecken.<\/p>\n<p>Cookies<\/p>\n<p>Die Cookie-Einstellungen auf dieser Website sind auf &#8222;Cookies zulassen&#8220; eingestellt, um das beste Surferlebnis zu erm\u00f6glichen. Wenn Sie diese Website ohne \u00c4nderung der Cookie-Einstellungen verwenden oder auf &#8222;Akzeptieren&#8220; klicken, erkl\u00e4ren Sie sich damit einverstanden.<\/p>\n<p style=\"text-align: justify;\">Betroffenenrechte<\/p>\n<p style=\"text-align: justify;\">a) Recht auf Auskunft, Art. 15 DSGVO<\/p>\n<p>Nach Art. 15 DSGVO haben Sie ein Recht auf Auskunft \u00fcber Ihre von uns verarbeiteten personenbezogenen Daten. Insbesondere k\u00f6nnen Sie Auskunft verlangen \u00fcber die Verarbeitungszwecke, die Kategorien der personenbezogenen Daten, die Kategorien von Empf\u00e4ngern, gegen\u00fcber denen Ihre Daten offengelegt wurden oder werden, die geplante Speicherdauer, das Bestehen eines Rechts auf Berichtigung, L\u00f6schung, Einschr\u00e4nkung der Verarbeitung oder Widerspruch, das Bestehen eines Beschwerderechts, die Herkunft Ihrer Daten, sofern diese nicht bei uns erhoben wurden.<\/p>\n<p>b) Recht auf Berichtigung, Art. 16 DSGVO<\/p>\n<p>Sie haben nach Art. 16 DSGVO das Recht, unverz\u00fcglich die Berichtigung unrichtiger oder Vervollst\u00e4ndigung unvollst\u00e4ndiger bei uns gespeicherter personenbezogener Daten zu verlangen.<\/p>\n<p>c) Recht auf L\u00f6schung, Art. 17 DSGVO<\/p>\n<p>Sie k\u00f6nnen gem. Art. 17 DSGVO die L\u00f6schung Ihrer bei uns gespeicherten personenbezogenen Daten verlangen, soweit nicht die Verarbeitung zur Aus\u00fcbung des Rechts auf freie Meinungs\u00e4u\u00dferung und Information, zur Erf\u00fcllung einer rechtlichen Verpflichtung, aus Gr\u00fcnden des \u00f6ffentlichen Interesses oder zur Geltendmachung, Aus\u00fcbung oder Verteidigung von Rechtsanspr\u00fcchen erforderlich ist.<\/p>\n<p>d) Recht auf Einschr\u00e4nkung der Verarbeitung, Art. 18 DSGVO<\/p>\n<p>Sie k\u00f6nnen gem. Art. 18 DSGVO die Einschr\u00e4nkung der Verarbeitung Ihrer bei uns gespeicherten personenbezogenen Daten verlangen, soweit die Richtigkeit der Daten von Ihnen bestritten wird, die Verarbeitung unrechtm\u00e4\u00dfig ist, Sie aber deren L\u00f6schung ablehnen und wir die Daten nicht mehr ben\u00f6tigen, Sie jedoch diese zur Geltendmachung, Aus\u00fcbung oder Verteidigung von Rechtsanspr\u00fcchen ben\u00f6tigen oder Sie gem\u00e4\u00df Art. 21 DSGVO Widerspruch gegen die Verarbeitung eingelegt haben.<\/p>\n<p>e) Recht auf Daten\u00fcbertragbarkeit, Art. 20 DSGVO<\/p>\n<p>Sie haben das Recht, die Sie betreffenden personenbezogenen Daten, die Sie uns bereitgestellt haben, in einem strukturierten, g\u00e4ngigen und maschinenlesbaren Format zu erhalten.<\/p>\n<p>f) Widerruf einer Einwilligung, Art. 7 Abs. 3 DSGVO<\/p>\n<p>Sofern Sie eine Einwilligung zur Verarbeitung Ihrer Daten uns gegen\u00fcber abgegeben haben, haben Sie das Recht, diese erteilte Einwilligung jederzeit uns gegen\u00fcber zu widerrufen.<\/p>\n<p>g) Beschwerderecht, Art. 77 DSGVO<\/p>\n<p style=\"text-align: justify;\">Sie haben das Recht, sich bei unserer Aufsichtsbeh\u00f6rde zu beschweren. Die Aufsichtsbeh\u00f6rde der IPA-Verbindungsstelle N\u00fcrnberg e. V. ist der Bayerische Landesbeauftragte f\u00fcr den Datenschutz.<\/p>\n<p style=\"text-align: justify;\">h) Widerspruchsrecht, Art. 21 DSGVO<\/p>\n<p style=\"text-align: justify;\">Sofern Ihre personenbezogenen Daten auf Grundlage von berechtigten Interessen gem. Art. 6 Abs. 1 S. 1 lit. f DSGVO verarbeitet werden, haben Sie das Recht, gem. Art. 21 DSGVO Widerspruch gegen die Verarbeitung Ihrer personenbezogenen Daten einzulegen, soweit besondere Gr\u00fcnde hierf\u00fcr vorliegen, die sich aus Ihrer besonderen Situation ergeben. M\u00f6chten Sie von Ihrem Widerspruchsrecht Gebrauch machen, gen\u00fcgt eine E-Mail an widerspruch@ipa-nuernberg.de.<\/p>\n<p style=\"text-align: justify;\">Offenlegung und Weitergabe personenbezogener Daten<\/p>\n<p style=\"text-align: justify;\">Die erhobenen personenbezogenen Daten werden au\u00dfer aufgrund evtl. gesetzlicher Verpflichtung nicht weitergegeben und f\u00fcr keine anderen Zwecke als die oben genannten verwendet.<\/p>\n<p style=\"text-align: justify;\">Sicherheit<\/p>\n<p style=\"text-align: justify;\">Die IPA-Verbindungsstelle N\u00fcrnberg e. V. setzt technische und organisatorische Sicherheitsma\u00dfnahmen ein, um die personenbezogenen Daten der Nutzer gegen zuf\u00e4llige oder vors\u00e4tzliche Manipulationen, Verlust, Zerst\u00f6rung oder gegen den Zugriff unberechtigter Personen zu sch\u00fctzen. Die Sicherheitsma\u00dfnahmen werden entsprechend der technologischen Entwicklung fortlaufend angepasst.<\/p>\n<p style=\"text-align: justify;\">Links zu Websites anderer Anbieter<\/p>\n<p style=\"text-align: justify;\">Die Website kann Links zu Websites anderer Anbieter enthalten. Diese Datenschutzerkl\u00e4rung gilt ausschlie\u00dflich f\u00fcr die Website der IPA-Verbindungsstelle N\u00fcrnberg e. V.. Die IPA-Verbindungsstelle N\u00fcrnberg e. V. hat keinen Einfluss darauf und kontrolliert nicht, dass andere Anbieter die geltenden Datenschutzbestimmungen einhalten.<\/p>\n<p style=\"text-align: justify;\">Einbeziehung, G\u00fcltigkeit und Aktualit\u00e4t der Datenschutzerkl\u00e4rung<\/p>\n<p style=\"text-align: justify;\">Mit der Nutzung der Websites willigt der Nutzer in die in dieser Datenschutzerkl\u00e4rung beschriebene Verarbeitung und Nutzung seiner Daten ein. Die Datenschutzerkl\u00e4rung ist aktuell. Die IPA-Verbindungsstelle N\u00fcrnberg e. V. beh\u00e4lt sich vor, die Datenschutzerkl\u00e4rung bei Bedarf, insbesondere zur Anpassung an eine Weiterentwicklung der Websites oder Implementierung neuer Technologien, jederzeit mit Wirkung f\u00fcr die Zukunft zu \u00e4ndern.<\/p>\n<div>&#x1f512; <strong>Datenschutzerkl\u00e4rung<\/strong> (Instagram-spezifisch)<\/div>\n<div>Datenschutz<\/div>\n<div>Verantwortliche Stelle:IPA N\u00fcrnberg (Kontaktdaten siehe Impressum)<\/div>\n<div>Instagram-Nutzung<\/div>\n<div><\/div>\n<div><strong>1.\u2060 \u2060Datenerhebung auf Instagram<\/strong><\/div>\n<div>\u2022Wir nutzen Instagram als soziales Netzwerk zur Information und Kommunikation<\/div>\n<div>\u2022Instagram ist ein Service der Meta Platforms Ireland Limited<\/div>\n<div>\u2022Beim Besuch unseres Instagram-Profils werden Ihre Daten durch Instagram verarbeitet<\/div>\n<div>\u2022Rechtsgrundlage: Art. 6 Abs. 1 lit. f DSGVO (berechtigtes Interesse an \u00d6ffentlichkeitsarbeit)<\/div>\n<div><\/div>\n<div><strong>2.\u2060 \u2060Interaktionen<\/strong><\/div>\n<div>\u2022Likes, Kommentare, Nachrichten: Diese werden von Instagram gespeichert<\/div>\n<div>\u2022Direct Messages: Werden nur f\u00fcr die Beantwortung Ihrer Anfrage verwendet<\/div>\n<div>\u2022Stories-Interaktionen: Polls, Fragen etc. werden zur Community-Gestaltung genutzt<\/div>\n<div><strong>3.\u2060 \u2060Datenverarbeitung<\/strong><\/div>\n<div>\u2022Zweck: Information \u00fcber Vereinsaktivit\u00e4ten, Community-Aufbau<\/div>\n<div>\u2022Rechtsgrundlage: Berechtigtes Interesse (Art. 6 Abs. 1 lit. f DSGVO)<\/div>\n<div>\u2022Speicherdauer: Solange der Instagram-Account besteht oder gesetzlich erforderlich<\/div>\n<div><\/div>\n<div><strong>4.\u2060 \u2060Private Kommunikation<\/strong><\/div>\n<div>\u2022Details zu Veranstaltungen werden nur auf Anfrage per Direct Message mitgeteilt<\/div>\n<div>\u2022Diese Kommunikation dient ausschlie\u00dflich der Organisation von Vereinsaktivit\u00e4ten<\/div>\n<div>\u2022Ihre Kontaktdaten werden nicht an Dritte weitergegeben<\/div>\n<div><\/div>\n<div><strong>5.\u2060 \u2060Ihre Rechte<\/strong><\/div>\n<div>\u2022Auskunft \u00fcber gespeicherte Daten<\/div>\n<div>\u2022Berichtigung unrichtiger Daten<\/div>\n<div>\u2022L\u00f6schung Ihrer Daten<\/div>\n<div>\u2022Einschr\u00e4nkung der Verarbeitung<\/div>\n<div>\u2022Widerspruch gegen die Verarbeitung<\/div>\n<div>\u2022Daten\u00fcbertragbarkeit<\/div>\n<div>Kontakt f\u00fcr Datenschutz:datenschutz@ipa-nuernberg.de<\/div>\n<div>Instagram-Datenschutz<\/div>\n<div>Ausf\u00fchrliche Informationen zum Datenschutz bei Instagram finden Sie in den Datenschutzrichtlinien von Meta: https:\/\/help.instagram.com\/519522125107875<\/div>\n<p>&nbsp;<\/p>\n","protected":false},"excerpt":{"rendered":"<p>Name und Anschrift des f\u00fcr die Verarbeitung Verantwortlichen Die Adresse unserer Website ist: https:\/\/www.ipa-nuernberg.de. Verantwortlicher im Sinne der Datenschutz-Grundverordnung (DSGVO), des BayDSG ist die IPA-Verbindungsstelle N\u00fcrnberg e. V., Jakobsplatz 5, 90402 N\u00fcrnberg. Eine Verpflichtung zur Bestellung eines Datenschutzbeauftragten besteht f\u00fcr die IPA-Verbindungsstelle N\u00fcrnberg e. V. aufgrund der Regelung des Art.\u2026<\/p>\n<p class=\"continue-reading-button\"> <a class=\"continue-reading-link\" href=\"https:\/\/www.ipa-nuernberg.de\/startseite\/datenschutzerklaerung\/\">weiter lesen &#8230;<i class=\"crycon-right-dir\"><\/i><\/a><\/p>\n","protected":false},"author":3,"featured_media":0,"parent":0,"menu_order":0,"comment_status":"closed","ping_status":"closed","template":"","meta":{"footnotes":""},"class_list":["post-1625","page","type-page","status-publish","hentry"],"aioseo_notices":[],"_links":{"self":[{"href":"https:\/\/www.ipa-nuernberg.de\/startseite\/wp-json\/wp\/v2\/pages\/1625","targetHints":{"allow":["GET"]}}],"collection":[{"href":"https:\/\/www.ipa-nuernberg.de\/startseite\/wp-json\/wp\/v2\/pages"}],"about":[{"href":"https:\/\/www.ipa-nuernberg.de\/startseite\/wp-json\/wp\/v2\/types\/page"}],"author":[{"embeddable":true,"href":"https:\/\/www.ipa-nuernberg.de\/startseite\/wp-json\/wp\/v2\/users\/3"}],"replies":[{"embeddable":true,"href":"https:\/\/www.ipa-nuernberg.de\/startseite\/wp-json\/wp\/v2\/comments?post=1625"}],"version-history":[{"count":1,"href":"https:\/\/www.ipa-nuernberg.de\/startseite\/wp-json\/wp\/v2\/pages\/1625\/revisions"}],"predecessor-version":[{"id":2435,"href":"https:\/\/www.ipa-nuernberg.de\/startseite\/wp-json\/wp\/v2\/pages\/1625\/revisions\/2435"}],"wp:attachment":[{"href":"https:\/\/www.ipa-nuernberg.de\/startseite\/wp-json\/wp\/v2\/media?parent=1625"}],"curies":[{"name":"wp","href":"https:\/\/api.w.org\/{rel}","templated":true}]}}