{"id":36,"date":"2019-04-28T12:00:24","date_gmt":"2019-04-28T10:00:24","guid":{"rendered":"http:\/\/www.ipa-nuernberg.info\/?page_id=36"},"modified":"2024-11-26T14:30:35","modified_gmt":"2024-11-26T13:30:35","slug":"vorstandschaft-2","status":"publish","type":"page","link":"https:\/\/www.ipa-nuernberg.de\/startseite\/vorstandschaft-2\/","title":{"rendered":"Vorstandschaft"},"content":{"rendered":"<table style=\"width: 100.539%;\">\n<tbody>\n<tr style=\"height: 33px;\">\n<td style=\"vertical-align: top; width: 60.6667%;\"><strong>Craig Marshall<\/strong><br \/>\nLeiter<br \/>\n<a href=\"\/nachricht-fuer-craig-marshall\/\">Schreiben Sie mir eine Nachricht<\/a><\/td>\n<td style=\"vertical-align: top; width: 39.1667%;\"><img loading=\"lazy\" decoding=\"async\" class=\"wp-image-2348 alignnone\" src=\"https:\/\/www.ipa-nuernberg.de\/wp-content\/uploads\/2024\/11\/IMG_5384-208x300.jpeg\" alt=\"\" width=\"104\" height=\"150\" \/><\/td>\n<td style=\"width: 0.705467%;\"><\/td>\n<\/tr>\n<tr style=\"height: 33px;\">\n<td style=\"vertical-align: top; width: 60.6667%;\"><strong>Volker Beyler<br \/>\n<\/strong>Sekret\u00e4r (M)<br \/>\n<span style=\"font-family: inherit; font-size: inherit; font-weight: inherit;\"><span style=\"font-family: inherit; font-size: inherit; font-weight: inherit;\"><span style=\"font-family: inherit; font-size: inherit; font-weight: inherit;\">Mitgliederverwaltung<br \/>\n<\/span><\/span><\/span><a href=\"https:\/\/www.ipa-nuernberg.de\/nachricht-fuer-volker-beyler\/\">Schreiben Sie mir eine Nachricht<\/a><\/td>\n<td style=\"vertical-align: top; width: 39.1667%;\"><img loading=\"lazy\" decoding=\"async\" class=\"size-full wp-image-1806 alignnone\" style=\"font-family: inherit; font-size: inherit; font-weight: inherit;\" src=\"https:\/\/www.ipa-nuernberg.de\/wp-content\/uploads\/2019\/04\/VolkerBeyler-kl.jpg\" alt=\"\" width=\"106\" height=\"129\" \/><\/td>\n<td style=\"vertical-align: top; width: 0.705467%;\"><\/td>\n<\/tr>\n<tr style=\"height: 113px;\">\n<td style=\"vertical-align: top; width: 60.6667%;\"><strong>Thomas Estrada<br \/>\n<\/strong>Sekret\u00e4r (G)<br \/>\n<a href=\"\/nachricht-fuer-thomas-estrada\/\">Schreiben Sie mir eine Nachricht<\/a><\/td>\n<td style=\"vertical-align: top; width: 39.1667%;\"><img loading=\"lazy\" decoding=\"async\" class=\"alignleft wp-image-2060 \" src=\"https:\/\/www.ipa-nuernberg.de\/wp-content\/uploads\/2021\/10\/ThomasEstrada-1-226x300.jpg\" alt=\"\" width=\"103\" height=\"136\" \/><\/td>\n<td style=\"width: 0.705467%;\"><\/td>\n<\/tr>\n<tr style=\"height: 113px;\">\n<td style=\"vertical-align: top; width: 60.6667%;\"><strong>Nicolai B\u00e4rnreuther<br \/>\n<\/strong>Schatzmeister<br \/>\n<a href=\"https:\/\/www.ipa-nuernberg.de\/nachricht-fuer-nicolai-baernreuther\/\">Schreiben Sie mir eine Nachricht<\/a><\/td>\n<td style=\"vertical-align: top; width: 39.1667%;\"><img loading=\"lazy\" decoding=\"async\" class=\"alignnone wp-image-2349 \" src=\"https:\/\/www.ipa-nuernberg.de\/wp-content\/uploads\/2024\/11\/IMG_5383-207x300.jpeg\" alt=\"\" width=\"105\" height=\"152\" srcset=\"https:\/\/www.ipa-nuernberg.de\/wp-content\/uploads\/2024\/11\/IMG_5383-207x300.jpeg 207w, https:\/\/www.ipa-nuernberg.de\/wp-content\/uploads\/2024\/11\/IMG_5383-708x1024.jpeg 708w, https:\/\/www.ipa-nuernberg.de\/wp-content\/uploads\/2024\/11\/IMG_5383-768x1111.jpeg 768w, https:\/\/www.ipa-nuernberg.de\/wp-content\/uploads\/2024\/11\/IMG_5383-1061x1536.jpeg 1061w, https:\/\/www.ipa-nuernberg.de\/wp-content\/uploads\/2024\/11\/IMG_5383-1415x2048.jpeg 1415w, https:\/\/www.ipa-nuernberg.de\/wp-content\/uploads\/2024\/11\/IMG_5383-104x150.jpeg 104w, https:\/\/www.ipa-nuernberg.de\/wp-content\/uploads\/2024\/11\/IMG_5383-scaled.jpeg 1769w\" sizes=\"auto, (max-width: 105px) 100vw, 105px\" \/><\/td>\n<td style=\"width: 0.705467%;\"><\/td>\n<\/tr>\n<\/tbody>\n<\/table>\n","protected":false},"excerpt":{"rendered":"<p>Craig Marshall Leiter Schreiben Sie mir eine Nachricht Volker Beyler Sekret\u00e4r (M) Mitgliederverwaltung Schreiben Sie mir eine Nachricht Thomas Estrada Sekret\u00e4r (G) Schreiben Sie mir eine Nachricht Nicolai B\u00e4rnreuther Schatzmeister Schreiben Sie mir eine Nachricht<\/p>\n<p class=\"continue-reading-button\"> <a class=\"continue-reading-link\" href=\"https:\/\/www.ipa-nuernberg.de\/startseite\/vorstandschaft-2\/\">weiter lesen &#8230;<i class=\"crycon-right-dir\"><\/i><\/a><\/p>\n","protected":false},"author":3,"featured_media":0,"parent":0,"menu_order":0,"comment_status":"closed","ping_status":"closed","template":"","meta":{"footnotes":""},"class_list":["post-36","page","type-page","status-publish","hentry"],"aioseo_notices":[],"_links":{"self":[{"href":"https:\/\/www.ipa-nuernberg.de\/startseite\/wp-json\/wp\/v2\/pages\/36","targetHints":{"allow":["GET"]}}],"collection":[{"href":"https:\/\/www.ipa-nuernberg.de\/startseite\/wp-json\/wp\/v2\/pages"}],"about":[{"href":"https:\/\/www.ipa-nuernberg.de\/startseite\/wp-json\/wp\/v2\/types\/page"}],"author":[{"embeddable":true,"href":"https:\/\/www.ipa-nuernberg.de\/startseite\/wp-json\/wp\/v2\/users\/3"}],"replies":[{"embeddable":true,"href":"https:\/\/www.ipa-nuernberg.de\/startseite\/wp-json\/wp\/v2\/comments?post=36"}],"version-history":[{"count":5,"href":"https:\/\/www.ipa-nuernberg.de\/startseite\/wp-json\/wp\/v2\/pages\/36\/revisions"}],"predecessor-version":[{"id":2367,"href":"https:\/\/www.ipa-nuernberg.de\/startseite\/wp-json\/wp\/v2\/pages\/36\/revisions\/2367"}],"wp:attachment":[{"href":"https:\/\/www.ipa-nuernberg.de\/startseite\/wp-json\/wp\/v2\/media?parent=36"}],"curies":[{"name":"wp","href":"https:\/\/api.w.org\/{rel}","templated":true}]}}