{"id":5,"date":"2016-10-30T23:40:35","date_gmt":"2016-10-30T23:40:35","guid":{"rendered":"http:\/\/www.ipa-nuernberg.info\/?page_id=5"},"modified":"2025-08-06T21:59:10","modified_gmt":"2025-08-06T19:59:10","slug":"home","status":"publish","type":"page","link":"https:\/\/www.ipa-nuernberg.de\/startseite\/","title":{"rendered":"Herzlich willkommen"},"content":{"rendered":"<p style=\"text-align: justify;\">Liebe Besucherin, lieber Besucher,<\/p>\r\n<p style=\"text-align: justify;\">die International Police Association &#8211;\u00a0 Verbindungsstelle N\u00fcrnberg e. V. ist eine interne Vereinigung von Polizeiangeh\u00f6rigen.<\/p>\r\n<p style=\"text-align: justify;\">Gerne k\u00f6nnen sich Polizeiangeh\u00f6rige bei Interesse an einer Mitgliedschaft an uns unverbindlich \u00fcber die zur Verf\u00fcgung gestellte Kontaktformulare wenden. Die Homepage dient nat\u00fcrlich allen Interessierten sich ein kleines Bild unseres weltweiten Berufsverbandes zu machen.<\/p>\r\n<p style=\"text-align: center;\"><em><strong><img loading=\"lazy\" decoding=\"async\" class=\"alignnone wp-image-2431 size-medium\" src=\"https:\/\/www.ipa-nuernberg.de\/wp-content\/uploads\/2025\/08\/8245d896-8af4-4416-8565-ed2109659450-300x272.jpg\" alt=\"\" width=\"300\" height=\"272\" srcset=\"https:\/\/www.ipa-nuernberg.de\/wp-content\/uploads\/2025\/08\/8245d896-8af4-4416-8565-ed2109659450-300x272.jpg 300w, https:\/\/www.ipa-nuernberg.de\/wp-content\/uploads\/2025\/08\/8245d896-8af4-4416-8565-ed2109659450-150x136.jpg 150w, https:\/\/www.ipa-nuernberg.de\/wp-content\/uploads\/2025\/08\/8245d896-8af4-4416-8565-ed2109659450.jpg 521w\" sizes=\"auto, (max-width: 300px) 100vw, 300px\" \/><br \/>Servo per Amikeco<\/strong><\/em><\/p>\r\n<p style=\"text-align: center;\"><strong><em>Ihr<\/em><\/strong><br \/><em><strong>Craig Marshall<\/strong><\/em><br \/><sup>Leiter der IPA-Verbindungsstelle N\u00fcrnberg e. V.<\/sup><\/p>\r\n<p>&nbsp;<\/p>\r\n<p style=\"text-align: center;\"><a href=\"https:\/\/www.ipa-nuernberg.de\/kontakt\/\">Interesse an einer Mitgliedschaft? <br \/>Bitte kurze Nachricht an ein Mitglied der Vorstandschaft!<\/a><\/p>\r\n","protected":false},"excerpt":{"rendered":"<p>Liebe Besucherin, lieber Besucher, die International Police Association &#8211;\u00a0 Verbindungsstelle N\u00fcrnberg e. V. ist eine interne Vereinigung von Polizeiangeh\u00f6rigen. Gerne k\u00f6nnen sich Polizeiangeh\u00f6rige bei Interesse an einer Mitgliedschaft an uns unverbindlich \u00fcber die zur Verf\u00fcgung gestellte Kontaktformulare wenden. Die Homepage dient nat\u00fcrlich allen Interessierten sich ein kleines Bild unseres weltweiten\u2026<\/p>\n<p class=\"continue-reading-button\"> <a class=\"continue-reading-link\" href=\"https:\/\/www.ipa-nuernberg.de\/startseite\/\">weiter lesen &#8230;<i class=\"crycon-right-dir\"><\/i><\/a><\/p>\n","protected":false},"author":3,"featured_media":0,"parent":0,"menu_order":0,"comment_status":"closed","ping_status":"closed","template":"","meta":{"footnotes":""},"class_list":["post-5","page","type-page","status-publish","hentry"],"aioseo_notices":[],"_links":{"self":[{"href":"https:\/\/www.ipa-nuernberg.de\/startseite\/wp-json\/wp\/v2\/pages\/5","targetHints":{"allow":["GET"]}}],"collection":[{"href":"https:\/\/www.ipa-nuernberg.de\/startseite\/wp-json\/wp\/v2\/pages"}],"about":[{"href":"https:\/\/www.ipa-nuernberg.de\/startseite\/wp-json\/wp\/v2\/types\/page"}],"author":[{"embeddable":true,"href":"https:\/\/www.ipa-nuernberg.de\/startseite\/wp-json\/wp\/v2\/users\/3"}],"replies":[{"embeddable":true,"href":"https:\/\/www.ipa-nuernberg.de\/startseite\/wp-json\/wp\/v2\/comments?post=5"}],"version-history":[{"count":5,"href":"https:\/\/www.ipa-nuernberg.de\/startseite\/wp-json\/wp\/v2\/pages\/5\/revisions"}],"predecessor-version":[{"id":2432,"href":"https:\/\/www.ipa-nuernberg.de\/startseite\/wp-json\/wp\/v2\/pages\/5\/revisions\/2432"}],"wp:attachment":[{"href":"https:\/\/www.ipa-nuernberg.de\/startseite\/wp-json\/wp\/v2\/media?parent=5"}],"curies":[{"name":"wp","href":"https:\/\/api.w.org\/{rel}","templated":true}]}}